{"id":114,"date":"2023-10-14T19:48:08","date_gmt":"2023-10-14T19:48:08","guid":{"rendered":"http:\/\/localhost:10040\/?post_type=product&#038;p=114"},"modified":"2025-02-16T00:43:17","modified_gmt":"2025-02-16T00:43:17","slug":"grodurhus-smatt","status":"publish","type":"product","link":"https:\/\/smhgrodurhus.is\/?product=grodurhus-smatt","title":{"rendered":"Gr\u00f3\u00f0urh\u00fas 3.10m x 2.38m"},"content":{"rendered":"<div dir=\"auto\">\u00a0Gr\u00f3\u00f0urh\u00fas \u00far sterkum \u00e1l pr\u00f3f\u00edlum \u00f3samsett, h\u00e6gt a\u00f0 flytja \u00ed hva\u00f0a b\u00edl sem er . 4 mm holplast sem er 1000 a\u00f0 \u00fe\u00e9ttleika. Plasti\u00f0 fer inn \u00ed raufar og er vel gengi\u00f0 fr\u00e1 \u00feessu H\u00e6gt er a\u00f0 k\u00edtta plasti\u00f0 b\u00e6\u00f0i a\u00f0 utan og innan er ver\u00f0ur \u00fe\u00e1 \u00fea\u00f0 \u00f6rugglega fast \u00ed, st\u00e6r\u00f0 3.10 Lengd 2.38 breidd\u00a0 og 4.30&#215;238. , H\u00e6gt a\u00f0 koma og sko\u00f0a s\u00fdningarh\u00fas upp \u00ed s\u00edma 8669693 e\u00f0a \u00ed skilabo\u00f0um ver\u00f0<\/div>\n<div dir=\"auto\">3.10&#215;2.38 180.000<\/div>\n<div dir=\"auto\">4.30&#215;238 225.000<\/div>\n","protected":false},"excerpt":{"rendered":"<p>Einfalt og \u00fe\u00e6gilegt gr\u00f3\u00f0urh\u00fas \u00far holplasti og \u00e1li<\/p>\n","protected":false},"featured_media":199,"comment_status":"open","ping_status":"closed","template":"","meta":{"_acf_changed":false},"product_brand":[],"product_cat":[26],"product_tag":[],"class_list":{"0":"post-114","1":"product","2":"type-product","3":"status-publish","4":"has-post-thumbnail","6":"product_cat-grodurhus","8":"first","9":"instock","10":"featured","11":"shipping-taxable","12":"purchasable","13":"product-type-simple"},"acf":[],"_links":{"self":[{"href":"https:\/\/smhgrodurhus.is\/index.php?rest_route=\/wp\/v2\/product\/114","targetHints":{"allow":["GET"]}}],"collection":[{"href":"https:\/\/smhgrodurhus.is\/index.php?rest_route=\/wp\/v2\/product"}],"about":[{"href":"https:\/\/smhgrodurhus.is\/index.php?rest_route=\/wp\/v2\/types\/product"}],"replies":[{"embeddable":true,"href":"https:\/\/smhgrodurhus.is\/index.php?rest_route=%2Fwp%2Fv2%2Fcomments&post=114"}],"wp:featuredmedia":[{"embeddable":true,"href":"https:\/\/smhgrodurhus.is\/index.php?rest_route=\/wp\/v2\/media\/199"}],"wp:attachment":[{"href":"https:\/\/smhgrodurhus.is\/index.php?rest_route=%2Fwp%2Fv2%2Fmedia&parent=114"}],"wp:term":[{"taxonomy":"product_brand","embeddable":true,"href":"https:\/\/smhgrodurhus.is\/index.php?rest_route=%2Fwp%2Fv2%2Fproduct_brand&post=114"},{"taxonomy":"product_cat","embeddable":true,"href":"https:\/\/smhgrodurhus.is\/index.php?rest_route=%2Fwp%2Fv2%2Fproduct_cat&post=114"},{"taxonomy":"product_tag","embeddable":true,"href":"https:\/\/smhgrodurhus.is\/index.php?rest_route=%2Fwp%2Fv2%2Fproduct_tag&post=114"}],"curies":[{"name":"wp","href":"https:\/\/api.w.org\/{rel}","templated":true}]}}