{"id":126,"date":"2023-10-15T23:36:15","date_gmt":"2023-10-15T23:36:15","guid":{"rendered":"http:\/\/localhost:10040\/?post_type=product&#038;p=126"},"modified":"2023-10-16T19:58:39","modified_gmt":"2023-10-16T19:58:39","slug":"kastari-3-arma","status":"publish","type":"product","link":"https:\/\/smhgrodurhus.is\/?product=kastari-3-arma","title":{"rendered":"Kastari &#8211; 3 arma"},"content":{"rendered":"<p>LED b\u00edlsk\u00farslj\u00f3s er rosalega bjartir kastari, hefur 60 w\u00f6tt, alv\u00f6ru 600\u00a00 l\u00famen, 6500K dagslj\u00f3s hv\u00edtt, bjartara en 8 gl\u00f3perur og 4ft tengjanlegt fl\u00farlj\u00f3s \u00ed loftfestingu -85% orkusparna\u00f0urAfl\u00f6ganlegt lj\u00f3s &#8211; Lj\u00f3sab\u00fana\u00f0ur \u00ed fj\u00f6lst\u00f6\u00f0u \/ stefnulj\u00f3s hefur 3 stillanlega hluta \/ spj\u00f6ld (0-90\u00b0) og virkar sem 360 gr\u00e1\u00f0u sv\u00e6\u00f0islj\u00f3s. Hitavaskar \u00far \u00e1li veita betri k\u00e6lingu en plast<br \/>\nAu\u00f0veld uppsetning &#8211; Lampi er me\u00f0 E26\/E27 skr\u00fafu \u00ed grunni til a\u00f0 skipta um venjulega peru \u00ed lofti e\u00f0a \u00e1 vegg. Sveigjanlegur E26 falsframlenging til a\u00f0 setja lj\u00f3s \u00ed innfelldar perufestingar<\/p>\n<p>Vinnulj\u00f3s fyrir heimili, verslun, ris, kjallara, hl\u00f6\u00f0u, b\u00edlsk\u00far, verkst\u00e6\u00f0i, vinnubekk, h\u00e1a fl\u00f3a, skrifstofu, v\u00f6ruh\u00fas, geymslu.<\/p>\n<p>\u00dea\u00f0 er \u00f3deyfanlegt, innanh\u00fassnotkun, engin hreyfiskynjari<br \/>\n\u00c1byrg\u00f0 og \u00f6ryggi &#8211; Kemur me\u00f0 2 \u00e1ra \u00e1byrg\u00f0, Intertek ETL skr\u00e1\u00f0 til a\u00f0 uppfylla bandar\u00edska \u00f6ryggissta\u00f0la til a\u00f0 vernda eldh\u00e6ttu<\/p>\n<p><img loading=\"lazy\" decoding=\"async\" class=\"alignnone wp-image-128\" src=\"\/\/localhost:3000:3000:3000:3000\/smh\/wp-content\/uploads\/2023\/10\/2-300x300.jpg\" alt=\"\" width=\"1937\" height=\"1937\" srcset=\"https:\/\/smhgrodurhus.is\/wp-content\/uploads\/2023\/10\/2-300x300.jpg 300w, https:\/\/smhgrodurhus.is\/wp-content\/uploads\/2023\/10\/2-150x150.jpg 150w, https:\/\/smhgrodurhus.is\/wp-content\/uploads\/2023\/10\/2-100x100.jpg 100w, https:\/\/smhgrodurhus.is\/wp-content\/uploads\/2023\/10\/2.jpg 500w\" sizes=\"auto, (max-width: 1937px) 100vw, 1937px\" \/><\/p>\n<p><img loading=\"lazy\" decoding=\"async\" class=\"alignnone wp-image-127\" src=\"\/\/localhost:3000:3000:3000:3000\/smh\/wp-content\/uploads\/2023\/10\/1-300x300.jpg\" alt=\"\" width=\"1925\" height=\"1925\" srcset=\"https:\/\/smhgrodurhus.is\/wp-content\/uploads\/2023\/10\/1-300x300.jpg 300w, https:\/\/smhgrodurhus.is\/wp-content\/uploads\/2023\/10\/1-150x150.jpg 150w, https:\/\/smhgrodurhus.is\/wp-content\/uploads\/2023\/10\/1-100x100.jpg 100w, https:\/\/smhgrodurhus.is\/wp-content\/uploads\/2023\/10\/1.jpg 500w\" sizes=\"auto, (max-width: 1925px) 100vw, 1925px\" \/><\/p>\n","protected":false},"excerpt":{"rendered":"<p>LED b\u00edlsk\u00farslj\u00f3s er rosalega bjartur kastari<\/p>\n","protected":false},"featured_media":165,"comment_status":"open","ping_status":"closed","template":"","meta":{"_acf_changed":false},"product_brand":[],"product_cat":[28],"product_tag":[],"class_list":{"0":"post-126","1":"product","2":"type-product","3":"status-publish","4":"has-post-thumbnail","6":"product_cat-ljos","8":"first","9":"instock","10":"featured","11":"shipping-taxable","12":"purchasable","13":"product-type-simple"},"acf":[],"_links":{"self":[{"href":"https:\/\/smhgrodurhus.is\/index.php?rest_route=\/wp\/v2\/product\/126","targetHints":{"allow":["GET"]}}],"collection":[{"href":"https:\/\/smhgrodurhus.is\/index.php?rest_route=\/wp\/v2\/product"}],"about":[{"href":"https:\/\/smhgrodurhus.is\/index.php?rest_route=\/wp\/v2\/types\/product"}],"replies":[{"embeddable":true,"href":"https:\/\/smhgrodurhus.is\/index.php?rest_route=%2Fwp%2Fv2%2Fcomments&post=126"}],"wp:featuredmedia":[{"embeddable":true,"href":"https:\/\/smhgrodurhus.is\/index.php?rest_route=\/wp\/v2\/media\/165"}],"wp:attachment":[{"href":"https:\/\/smhgrodurhus.is\/index.php?rest_route=%2Fwp%2Fv2%2Fmedia&parent=126"}],"wp:term":[{"taxonomy":"product_brand","embeddable":true,"href":"https:\/\/smhgrodurhus.is\/index.php?rest_route=%2Fwp%2Fv2%2Fproduct_brand&post=126"},{"taxonomy":"product_cat","embeddable":true,"href":"https:\/\/smhgrodurhus.is\/index.php?rest_route=%2Fwp%2Fv2%2Fproduct_cat&post=126"},{"taxonomy":"product_tag","embeddable":true,"href":"https:\/\/smhgrodurhus.is\/index.php?rest_route=%2Fwp%2Fv2%2Fproduct_tag&post=126"}],"curies":[{"name":"wp","href":"https:\/\/api.w.org\/{rel}","templated":true}]}}