{"id":184,"date":"2023-10-17T19:02:39","date_gmt":"2023-10-17T19:02:39","guid":{"rendered":"http:\/\/localhost:10040\/?post_type=product&#038;p=184"},"modified":"2026-02-13T00:54:59","modified_gmt":"2026-02-13T00:54:59","slug":"grodurljos","status":"publish","type":"product","link":"https:\/\/smhgrodurhus.is\/?product=grodurljos","title":{"rendered":"Gr\u00f3\u00f0urlj\u00f3s"},"content":{"rendered":"<p>50w gr\u00f3\u00f0urlj\u00f3s<\/p>\n","protected":false},"excerpt":{"rendered":"<p>50w gr\u00f3\u00f0urlj\u00f3s<\/p>\n","protected":false},"featured_media":186,"comment_status":"open","ping_status":"closed","template":"","meta":{"_acf_changed":false},"product_brand":[],"product_cat":[28],"product_tag":[],"class_list":{"0":"post-184","1":"product","2":"type-product","3":"status-publish","4":"has-post-thumbnail","6":"product_cat-ljos","8":"first","9":"instock","10":"shipping-taxable","11":"purchasable","12":"product-type-simple"},"acf":[],"_links":{"self":[{"href":"https:\/\/smhgrodurhus.is\/index.php?rest_route=\/wp\/v2\/product\/184","targetHints":{"allow":["GET"]}}],"collection":[{"href":"https:\/\/smhgrodurhus.is\/index.php?rest_route=\/wp\/v2\/product"}],"about":[{"href":"https:\/\/smhgrodurhus.is\/index.php?rest_route=\/wp\/v2\/types\/product"}],"replies":[{"embeddable":true,"href":"https:\/\/smhgrodurhus.is\/index.php?rest_route=%2Fwp%2Fv2%2Fcomments&post=184"}],"wp:featuredmedia":[{"embeddable":true,"href":"https:\/\/smhgrodurhus.is\/index.php?rest_route=\/wp\/v2\/media\/186"}],"wp:attachment":[{"href":"https:\/\/smhgrodurhus.is\/index.php?rest_route=%2Fwp%2Fv2%2Fmedia&parent=184"}],"wp:term":[{"taxonomy":"product_brand","embeddable":true,"href":"https:\/\/smhgrodurhus.is\/index.php?rest_route=%2Fwp%2Fv2%2Fproduct_brand&post=184"},{"taxonomy":"product_cat","embeddable":true,"href":"https:\/\/smhgrodurhus.is\/index.php?rest_route=%2Fwp%2Fv2%2Fproduct_cat&post=184"},{"taxonomy":"product_tag","embeddable":true,"href":"https:\/\/smhgrodurhus.is\/index.php?rest_route=%2Fwp%2Fv2%2Fproduct_tag&post=184"}],"curies":[{"name":"wp","href":"https:\/\/api.w.org\/{rel}","templated":true}]}}