{"id":187,"date":"2023-10-17T19:34:43","date_gmt":"2023-10-17T19:34:43","guid":{"rendered":"http:\/\/localhost:10040\/?post_type=product&#038;p=187"},"modified":"2023-10-17T19:37:15","modified_gmt":"2023-10-17T19:37:15","slug":"uti-stoll","status":"publish","type":"product","link":"https:\/\/smhgrodurhus.is\/?product=uti-stoll","title":{"rendered":"\u00dati st\u00f3ll"},"content":{"rendered":"<p>St\u00f3ll fr\u00e1b\u00e6r \u00e1 pallinn!<\/p>\n<ul>\n<li><strong>G\u00e6\u00f0ah\u00f6nnun\u00a0<\/strong>&#8211; St\u00f3llinn er ger\u00f0ur \u00far sterku st\u00e1li og kl\u00e6ddur me\u00f0 mj\u00faku efni \u00fea\u00f0 fylgir s\u00f3lhl\u00edf til \u00feess vernda fr\u00e1 s\u00f3lini Ber 120 kg<\/li>\n<li><strong>\u00de\u00e6gindi<\/strong> &#8211; Hv\u00edldu h\u00f6fu\u00f0i\u00f0 \u00e1 me\u00f0fylgjandi kodda og l\u00e1ttu l\u00edkamann hv\u00edla \u00e1 \u00fe\u00e6gilegum, vinnuvistfr\u00e6\u00f0ilegum 2 tommu fro\u00f0ufylltum p\u00fa\u00f0um<\/li>\n<li><strong>Sterk og st\u00f6\u00f0ug sm\u00ed\u00f0i<\/strong> &#8211; Hanna\u00f0 me\u00f0 dufth\u00fa\u00f0u\u00f0um st\u00e1lgrind, ver\u00f6nd setustofur\u00f3lan okkar er traust og traust til a\u00f0 endast<\/li>\n<li><strong>Au\u00f0velt a\u00f0 setja saman<\/strong> &#8211; \u00deessi hengir\u00fam\/ruggust\u00f3ll er mj\u00f6g au\u00f0velt og flj\u00f3tlegt a\u00f0 setja saman og taka \u00ed sundur. Patio Chair pakkinn inniheldur alla fylgihluti<\/li>\n<\/ul>\n","protected":false},"excerpt":{"rendered":"<p>St\u00f3ll fr\u00e1b\u00e6r \u00e1 pallinn!<\/p>\n","protected":false},"featured_media":188,"comment_status":"open","ping_status":"closed","template":"","meta":{"_acf_changed":false},"product_brand":[],"product_cat":[27],"product_tag":[],"class_list":{"0":"post-187","1":"product","2":"type-product","3":"status-publish","4":"has-post-thumbnail","6":"product_cat-verond","8":"first","9":"instock","10":"shipping-taxable","11":"purchasable","12":"product-type-simple"},"acf":[],"_links":{"self":[{"href":"https:\/\/smhgrodurhus.is\/index.php?rest_route=\/wp\/v2\/product\/187","targetHints":{"allow":["GET"]}}],"collection":[{"href":"https:\/\/smhgrodurhus.is\/index.php?rest_route=\/wp\/v2\/product"}],"about":[{"href":"https:\/\/smhgrodurhus.is\/index.php?rest_route=\/wp\/v2\/types\/product"}],"replies":[{"embeddable":true,"href":"https:\/\/smhgrodurhus.is\/index.php?rest_route=%2Fwp%2Fv2%2Fcomments&post=187"}],"wp:featuredmedia":[{"embeddable":true,"href":"https:\/\/smhgrodurhus.is\/index.php?rest_route=\/wp\/v2\/media\/188"}],"wp:attachment":[{"href":"https:\/\/smhgrodurhus.is\/index.php?rest_route=%2Fwp%2Fv2%2Fmedia&parent=187"}],"wp:term":[{"taxonomy":"product_brand","embeddable":true,"href":"https:\/\/smhgrodurhus.is\/index.php?rest_route=%2Fwp%2Fv2%2Fproduct_brand&post=187"},{"taxonomy":"product_cat","embeddable":true,"href":"https:\/\/smhgrodurhus.is\/index.php?rest_route=%2Fwp%2Fv2%2Fproduct_cat&post=187"},{"taxonomy":"product_tag","embeddable":true,"href":"https:\/\/smhgrodurhus.is\/index.php?rest_route=%2Fwp%2Fv2%2Fproduct_tag&post=187"}],"curies":[{"name":"wp","href":"https:\/\/api.w.org\/{rel}","templated":true}]}}