{"id":60,"date":"2023-09-25T07:29:09","date_gmt":"2023-09-25T07:29:09","guid":{"rendered":"http:\/\/localhost:10040\/?post_type=product&#038;p=60"},"modified":"2024-06-25T09:54:15","modified_gmt":"2024-06-25T09:54:15","slug":"utdraganlegt-thak","status":"publish","type":"product","link":"https:\/\/smhgrodurhus.is\/?product=utdraganlegt-thak","title":{"rendered":"\u00datdraganlegt \u00feak"},"content":{"rendered":"<p>\u00datdraganlegt \u00feak sem gefur skj\u00f3l fyrir regni og vindi<\/p>\n<p>\u00deaki\u00f0 kemur yfir h\u00fasi\u00f0 og ni\u00f0ur st\u00e6r\u00f0 er 4 metrar breidd og 3 metrar \u00fat h\u00e6\u00f0 upp a\u00f0 vegg getur veri\u00f0 fr\u00e1 2.10-2.75 h\u00e6\u00f0 \u00e1 l\u00f6ppum er 2 metrar, B\u00fai\u00f0 til \u00far \u00e1li og 8 mm holplast,<\/p>\n<p>fr\u00e1b\u00e6rt a\u00f0 geta haft \u00fati h\u00fasg\u00f6gnin \u00fati allt sumari\u00f0, \u00fea\u00f0 sem \u00feetta hefur fram yfir markisu er a\u00f0 f\u00ednt er a\u00f0 hafa \u00feetta dregi\u00f0 \u00fat , s\u00f3lin fer \u00ed gegn og \u00feaki\u00f0 veitir skj\u00f3l fyrir vindi, heitt og gott undir \u00feessu<\/p>\n<p>&nbsp;<\/p>\n","protected":false},"excerpt":{"rendered":"<p>\u00datdraganlegt \u00feak sem gefur skj\u00f3l fyrir regni og vindi<\/p>\n","protected":false},"featured_media":215,"comment_status":"open","ping_status":"closed","template":"","meta":{"_acf_changed":false},"product_brand":[],"product_cat":[27],"product_tag":[],"class_list":{"0":"post-60","1":"product","2":"type-product","3":"status-publish","4":"has-post-thumbnail","6":"product_cat-verond","8":"first","9":"instock","10":"featured","11":"shipping-taxable","12":"purchasable","13":"product-type-simple"},"acf":[],"_links":{"self":[{"href":"https:\/\/smhgrodurhus.is\/index.php?rest_route=\/wp\/v2\/product\/60","targetHints":{"allow":["GET"]}}],"collection":[{"href":"https:\/\/smhgrodurhus.is\/index.php?rest_route=\/wp\/v2\/product"}],"about":[{"href":"https:\/\/smhgrodurhus.is\/index.php?rest_route=\/wp\/v2\/types\/product"}],"replies":[{"embeddable":true,"href":"https:\/\/smhgrodurhus.is\/index.php?rest_route=%2Fwp%2Fv2%2Fcomments&post=60"}],"wp:featuredmedia":[{"embeddable":true,"href":"https:\/\/smhgrodurhus.is\/index.php?rest_route=\/wp\/v2\/media\/215"}],"wp:attachment":[{"href":"https:\/\/smhgrodurhus.is\/index.php?rest_route=%2Fwp%2Fv2%2Fmedia&parent=60"}],"wp:term":[{"taxonomy":"product_brand","embeddable":true,"href":"https:\/\/smhgrodurhus.is\/index.php?rest_route=%2Fwp%2Fv2%2Fproduct_brand&post=60"},{"taxonomy":"product_cat","embeddable":true,"href":"https:\/\/smhgrodurhus.is\/index.php?rest_route=%2Fwp%2Fv2%2Fproduct_cat&post=60"},{"taxonomy":"product_tag","embeddable":true,"href":"https:\/\/smhgrodurhus.is\/index.php?rest_route=%2Fwp%2Fv2%2Fproduct_tag&post=60"}],"curies":[{"name":"wp","href":"https:\/\/api.w.org\/{rel}","templated":true}]}}